{"id":5505,"date":"2025-06-20T22:04:07","date_gmt":"2025-06-20T22:04:07","guid":{"rendered":"https:\/\/www.canalmeteo.tv\/?page_id=5505"},"modified":"2025-10-03T16:53:20","modified_gmt":"2025-10-03T16:53:20","slug":"playa","status":"publish","type":"page","link":"https:\/\/www.canalmeteo.tv\/wp\/playa\/","title":{"rendered":"En la playa"},"content":{"rendered":"\t\t<div data-elementor-type=\"wp-page\" data-elementor-id=\"5505\" class=\"elementor elementor-5505\" data-elementor-post-type=\"page\">\n\t\t\t\t<div class=\"elementor-element elementor-element-531a873 e-flex e-con-boxed e-con e-parent\" data-id=\"531a873\" data-element_type=\"container\">\n\t\t\t\t\t<div class=\"e-con-inner\">\n\t\t<div class=\"elementor-element elementor-element-2a74c2d e-con-full e-flex e-con e-child\" data-id=\"2a74c2d\" data-element_type=\"container\">\n\t\t\t\t<div class=\"elementor-element elementor-element-c62ea4a rivax-align-center elementor-widget__width-initial elementor-widget rivax-advanced-heading-widget\" data-id=\"c62ea4a\" data-element_type=\"widget\" data-widget_type=\"rivax-advanced-heading.default\">\n\t\t\t\t<div class=\"elementor-widget-container\">\n\t\t\t\t\t\r\n<h2 class=\"rivax-advanced-heading-tag\">\r\n<span class=\"rivax-advanced-heading-wrap\" data-background-text=\"\">\r\n            <span class=\"rivax-advanced-heading-two gradient-heading\">En la costa<\/span>\r\n            <span class=\"rivax-advanced-heading-border\"><\/span>\r\n<\/span>\r\n<\/h2>\t\t\t\t<\/div>\n\t\t\t\t<\/div>\n\t\t\t\t<\/div>\n\t\t\t\t\t<\/div>\n\t\t\t\t<\/div>\n\t\t<div class=\"elementor-element elementor-element-2a3ccc1 e-flex e-con-boxed e-con e-parent\" data-id=\"2a3ccc1\" data-element_type=\"container\">\n\t\t\t\t\t<div class=\"e-con-inner\">\n\t\t<div class=\"elementor-element elementor-element-a8ec695 e-con-full card-layout-w e-flex e-con e-child\" data-id=\"a8ec695\" data-element_type=\"container\">\n\t\t\t\t<div class=\"elementor-element elementor-element-c95516b rivax-align-left elementor-widget rivax-divider-heading-widget\" data-id=\"c95516b\" data-element_type=\"widget\" data-widget_type=\"rivax-divider-heading.default\">\n\t\t\t\t<div class=\"elementor-widget-container\">\n\t\t\t\t\t<div class=\"rivax-divider-heading-wrap\">\r\n    <div class=\"rivax-divider-heading divider-style-25 \">\r\n        <div class=\"divider divider-1\"><\/div>\r\n        <div class=\"divider divider-2\"><\/div>\r\n        <h1 class=\"title\">\r\n                <span class=\"title-inner\">\r\n            <span class=\"title-text\">\r\n                                Banderas en la playa            <\/span>\r\n                    <\/span>\r\n                <\/h1>\r\n        <div class=\"divider divider-3\"><\/div>\r\n        <div class=\"divider divider-4\"><\/div>\r\n    <\/div>\r\n<\/div>\t\t\t\t<\/div>\n\t\t\t\t<\/div>\n\t\t\t\t<div class=\"elementor-element elementor-element-20a7e79 elementor-widget elementor-widget-text-editor\" data-id=\"20a7e79\" data-element_type=\"widget\" data-widget_type=\"text-editor.default\">\n\t\t\t\t<div class=\"elementor-widget-container\">\n\t\t\t\t\t\t\t\t\t<p class=\"p1\">Las <span class=\"s1\"><b>banderas de advertencia en la playa<\/b><\/span> son un sistema visual de seguridad que informa a los ba\u00f1istas sobre el estado del mar y los posibles riesgos. Conocer su significado puede salvar vidas.<\/p><p class=\"p3\"><span class=\"s2\">\ud83d\udd34 <\/span><b>Roja.\u00a0<\/b><span class=\"s1\" style=\"text-align: var(--text-align);\"><b>Peligro alto<\/b><\/span><span style=\"text-align: var(--text-align);\">. El mar est\u00e1 muy agitado, hay corrientes fuertes o condiciones extremas. <\/span><span class=\"s1\" style=\"text-align: var(--text-align);\"><b>Prohibido ba\u00f1arse<\/b><\/span><span style=\"text-align: var(--text-align);\"> o solo se permite con gran precauci\u00f3n.<\/span><\/p><p class=\"p3\"><span class=\"s2\">\ud83d\udfe1 <\/span><b>Amarilla.\u00a0<\/b><span class=\"s1\" style=\"text-align: var(--text-align);\"><b>Precauci\u00f3n<\/b><\/span><span style=\"text-align: var(--text-align);\">. El mar tiene oleaje moderado o corrientes. Puedes ba\u00f1arte, pero con cuidado. Idealmente, mantente cerca de la orilla.<\/span><\/p><p class=\"p3\"><span class=\"s2\">\ud83d\udfe2 <\/span><b>Verde.\u00a0<\/b><span class=\"s1\" style=\"text-align: var(--text-align);\"><b>Condiciones seguras<\/b><\/span><span style=\"text-align: var(--text-align);\">. El mar est\u00e1 tranquilo y es apto para el ba\u00f1o. Aun as\u00ed, nunca bajes la guardia.<\/span><\/p><p class=\"p3\"><span class=\"s2\">\ud83d\udfe3 <\/span><b>P\u00farpura o morada.\u00a0<\/b><span class=\"s1\" style=\"text-align: var(--text-align);\"><b>Presencia de fauna marina peligrosa<\/b><\/span><span style=\"text-align: var(--text-align);\">, como medusas, mantarrayas o peces venenosos. Inf\u00f3rmate antes de entrar al agua.<\/span><\/p>\t\t\t\t\t\t\t\t<\/div>\n\t\t\t\t<\/div>\n\t\t<div class=\"elementor-element elementor-element-6b485a1 e-con-full card-layout-w e-grid e-con e-child\" data-id=\"6b485a1\" data-element_type=\"container\">\n\t\t\t\t<div class=\"elementor-element elementor-element-e27433e elementor-widget elementor-widget-image\" data-id=\"e27433e\" data-element_type=\"widget\" data-widget_type=\"image.default\">\n\t\t\t\t<div class=\"elementor-widget-container\">\n\t\t\t\t\t\t\t\t\t\t\t\t\t\t\t<img fetchpriority=\"high\" decoding=\"async\" width=\"860\" height=\"202\" src=\"https:\/\/www.canalmeteo.tv\/wp\/wp-content\/uploads\/2025\/06\/Banderas-playa-crop-1024x240.webp\" class=\"attachment-large size-large wp-image-5539\" alt=\"\" srcset=\"https:\/\/www.canalmeteo.tv\/wp\/wp-content\/uploads\/2025\/06\/Banderas-playa-crop-1024x240.webp 1024w, https:\/\/www.canalmeteo.tv\/wp\/wp-content\/uploads\/2025\/06\/Banderas-playa-crop-300x70.webp 300w, https:\/\/www.canalmeteo.tv\/wp\/wp-content\/uploads\/2025\/06\/Banderas-playa-crop-768x180.webp 768w, https:\/\/www.canalmeteo.tv\/wp\/wp-content\/uploads\/2025\/06\/Banderas-playa-crop-440x103.webp 440w, https:\/\/www.canalmeteo.tv\/wp\/wp-content\/uploads\/2025\/06\/Banderas-playa-crop-680x159.webp 680w, https:\/\/www.canalmeteo.tv\/wp\/wp-content\/uploads\/2025\/06\/Banderas-playa-crop.webp 1516w\" sizes=\"(max-width: 860px) 100vw, 860px\" \/>\t\t\t\t\t\t\t\t\t\t\t\t\t\t\t<\/div>\n\t\t\t\t<\/div>\n\t\t\t\t<\/div>\n\t\t\t\t<\/div>\n\t\t<div class=\"elementor-element elementor-element-8cdb5e9 e-con-full card-layout-w e-flex e-con e-child\" data-id=\"8cdb5e9\" data-element_type=\"container\">\n\t\t\t\t<div class=\"elementor-element elementor-element-6747c97 rivax-align-left elementor-widget rivax-divider-heading-widget\" data-id=\"6747c97\" data-element_type=\"widget\" data-widget_type=\"rivax-divider-heading.default\">\n\t\t\t\t<div class=\"elementor-widget-container\">\n\t\t\t\t\t<div class=\"rivax-divider-heading-wrap\">\r\n    <div class=\"rivax-divider-heading divider-style-25 \">\r\n        <div class=\"divider divider-1\"><\/div>\r\n        <div class=\"divider divider-2\"><\/div>\r\n        <h1 class=\"title\">\r\n                <span class=\"title-inner\">\r\n            <span class=\"title-text\">\r\n                                Temperatura del agua            <\/span>\r\n                    <\/span>\r\n                <\/h1>\r\n        <div class=\"divider divider-3\"><\/div>\r\n        <div class=\"divider divider-4\"><\/div>\r\n    <\/div>\r\n<\/div>\t\t\t\t<\/div>\n\t\t\t\t<\/div>\n\t\t<div class=\"elementor-element elementor-element-adcd45b e-con-full card-layout-w e-grid e-con e-child\" data-id=\"adcd45b\" data-element_type=\"container\">\n\t\t\t\t<div class=\"elementor-element elementor-element-db5f968 elementor-invisible elementor-widget elementor-widget-image\" data-id=\"db5f968\" data-element_type=\"widget\" data-settings=\"{&quot;_animation&quot;:&quot;zoomIn&quot;}\" data-widget_type=\"image.default\">\n\t\t\t\t<div class=\"elementor-widget-container\">\n\t\t\t\t\t\t\t\t\t\t\t\t\t\t\t\t<a href=\"https:\/\/www.canalmeteo.tv\/lynx\/CONUS\/CONUS_TAgua_SW.jpg\" data-elementor-open-lightbox=\"yes\" data-e-action-hash=\"#elementor-action%3Aaction%3Dlightbox%26settings%3DW10%3D\">\n\t\t\t\t\t\t\t<img decoding=\"async\" src=\"https:\/\/www.canalmeteo.tv\/lynx\/CONUS\/CONUS_TAgua_SW.jpg\" title=\"\" alt=\"Temperatura de agua en el suroeste\" loading=\"lazy\" \/>\t\t\t\t\t\t\t\t<\/a>\n\t\t\t\t\t\t\t\t\t\t\t\t\t\t\t<\/div>\n\t\t\t\t<\/div>\n\t\t\t\t<div class=\"elementor-element elementor-element-f75be86 elementor-invisible elementor-widget elementor-widget-image\" data-id=\"f75be86\" data-element_type=\"widget\" data-settings=\"{&quot;_animation&quot;:&quot;zoomIn&quot;}\" data-widget_type=\"image.default\">\n\t\t\t\t<div class=\"elementor-widget-container\">\n\t\t\t\t\t\t\t\t\t\t\t\t\t\t\t\t<a href=\"https:\/\/www.canalmeteo.tv\/lynx\/CONUS\/CONUS_TAgua_NE.jpg\" data-elementor-open-lightbox=\"yes\" data-e-action-hash=\"#elementor-action%3Aaction%3Dlightbox%26settings%3DW10%3D\">\n\t\t\t\t\t\t\t<img decoding=\"async\" src=\"https:\/\/www.canalmeteo.tv\/lynx\/CONUS\/CONUS_TAgua_NE.jpg\" title=\"\" alt=\"Agua en el noreste\" loading=\"lazy\" \/>\t\t\t\t\t\t\t\t<\/a>\n\t\t\t\t\t\t\t\t\t\t\t\t\t\t\t<\/div>\n\t\t\t\t<\/div>\n\t\t\t\t<div class=\"elementor-element elementor-element-20e75bc elementor-invisible elementor-widget elementor-widget-image\" data-id=\"20e75bc\" data-element_type=\"widget\" data-settings=\"{&quot;_animation&quot;:&quot;zoomIn&quot;}\" data-widget_type=\"image.default\">\n\t\t\t\t<div class=\"elementor-widget-container\">\n\t\t\t\t\t\t\t\t\t\t\t\t\t\t\t\t<a href=\"https:\/\/www.canalmeteo.tv\/lynx\/CONUS\/CONUS_TAgua_GOLFO.jpg\" data-elementor-open-lightbox=\"yes\" data-e-action-hash=\"#elementor-action%3Aaction%3Dlightbox%26settings%3DW10%3D\">\n\t\t\t\t\t\t\t<img decoding=\"async\" src=\"https:\/\/www.canalmeteo.tv\/lynx\/CONUS\/CONUS_TAgua_GOLFO.jpg\" title=\"\" alt=\"Temperatura de agua en el Golfo\" loading=\"lazy\" \/>\t\t\t\t\t\t\t\t<\/a>\n\t\t\t\t\t\t\t\t\t\t\t\t\t\t\t<\/div>\n\t\t\t\t<\/div>\n\t\t\t\t<div class=\"elementor-element elementor-element-c2efd6d elementor-invisible elementor-widget elementor-widget-image\" data-id=\"c2efd6d\" data-element_type=\"widget\" data-settings=\"{&quot;_animation&quot;:&quot;zoomIn&quot;}\" data-widget_type=\"image.default\">\n\t\t\t\t<div class=\"elementor-widget-container\">\n\t\t\t\t\t\t\t\t\t\t\t\t\t\t\t\t<a href=\"https:\/\/www.canalmeteo.tv\/lynx\/CONUS\/CONUS_TAgua_SE.jpg\" data-elementor-open-lightbox=\"yes\" data-e-action-hash=\"#elementor-action%3Aaction%3Dlightbox%26settings%3DW10%3D\">\n\t\t\t\t\t\t\t<img decoding=\"async\" src=\"https:\/\/www.canalmeteo.tv\/lynx\/CONUS\/CONUS_TAgua_SE.jpg\" title=\"\" alt=\"Temperatura de agua en el sureste\" loading=\"lazy\" \/>\t\t\t\t\t\t\t\t<\/a>\n\t\t\t\t\t\t\t\t\t\t\t\t\t\t\t<\/div>\n\t\t\t\t<\/div>\n\t\t\t\t<\/div>\n\t\t\t\t<\/div>\n\t\t\t\t\t<\/div>\n\t\t\t\t<\/div>\n\t\t<div class=\"elementor-element elementor-element-622f919 e-flex e-con-boxed e-con e-parent\" data-id=\"622f919\" data-element_type=\"container\">\n\t\t\t\t\t<div class=\"e-con-inner\">\n\t\t\t\t\t<\/div>\n\t\t\t\t<\/div>\n\t\t\t\t<\/div>\n\t\t","protected":false},"excerpt":{"rendered":"<p>En la costa Banderas en la playa Las banderas de advertencia en la playa son un sistema visual de seguridad que informa a los ba\u00f1istas sobre el estado del mar y los posibles riesgos. Conocer su significado puede salvar vidas. \ud83d\udd34 Roja.\u00a0Peligro alto. El mar est\u00e1 muy agitado, hay corrientes fuertes o condiciones extremas. Prohibido [&hellip;]<\/p>\n","protected":false},"author":1,"featured_media":0,"parent":0,"menu_order":0,"comment_status":"closed","ping_status":"closed","template":"","meta":{"_monsterinsights_skip_tracking":false,"_monsterinsights_sitenote_active":false,"_monsterinsights_sitenote_note":"","_monsterinsights_sitenote_category":0,"footnotes":""},"class_list":["post-5505","page","type-page","status-publish","hentry"],"aioseo_notices":[],"_links":{"self":[{"href":"https:\/\/www.canalmeteo.tv\/wp\/wp-json\/wp\/v2\/pages\/5505","targetHints":{"allow":["GET"]}}],"collection":[{"href":"https:\/\/www.canalmeteo.tv\/wp\/wp-json\/wp\/v2\/pages"}],"about":[{"href":"https:\/\/www.canalmeteo.tv\/wp\/wp-json\/wp\/v2\/types\/page"}],"author":[{"embeddable":true,"href":"https:\/\/www.canalmeteo.tv\/wp\/wp-json\/wp\/v2\/users\/1"}],"replies":[{"embeddable":true,"href":"https:\/\/www.canalmeteo.tv\/wp\/wp-json\/wp\/v2\/comments?post=5505"}],"version-history":[{"count":6,"href":"https:\/\/www.canalmeteo.tv\/wp\/wp-json\/wp\/v2\/pages\/5505\/revisions"}],"predecessor-version":[{"id":12389,"href":"https:\/\/www.canalmeteo.tv\/wp\/wp-json\/wp\/v2\/pages\/5505\/revisions\/12389"}],"wp:attachment":[{"href":"https:\/\/www.canalmeteo.tv\/wp\/wp-json\/wp\/v2\/media?parent=5505"}],"curies":[{"name":"wp","href":"https:\/\/api.w.org\/{rel}","templated":true}]}}